{"id":15228,"date":"2020-03-12T14:48:39","date_gmt":"2020-03-12T13:48:39","guid":{"rendered":"https:\/\/www.intimina.com\/es\/blog\/?page_id=15228"},"modified":"2021-11-19T10:59:34","modified_gmt":"2021-11-19T09:59:34","slug":"newsletter","status":"publish","type":"page","link":"https:\/\/www.intimina.com\/es\/blog\/newsletter\/","title":{"rendered":"newsletter"},"content":{"rendered":"<p>[vc_row][vc_column width=&#8221;1\/2&#8243;][vc_single_image image=&#8221;15297&#8243; img_size=&#8221;585&#215;385&#8243; alignment=&#8221;center&#8221; el_id=&#8221;5555&#8243;][\/vc_column][vc_column width=&#8221;1\/2&#8243; el_class=&#8221;top&#8221;][vc_column_text el_class=&#8221;newh1&#8243;]<\/p>\n<h1><span style=\"color: #ec008c;\">SUSCR\u00cdBETE<\/span> A NUESTRA NEWSLETTER Y RECIBE UN <span style=\"color: #ec008c;\">20% DE DESCUENTO<\/span><\/h1>\n<p>[\/vc_column_text][vc_column_text]<span style=\"font-weight: 400;\">En Intimina amamos ayudar a mujeres a ayudarse a s\u00ed mismas. Si deseas tomar control de tu intimidad y bienestar, \u00fanete a nuestra hermandad para recibir informaci\u00f3n exclusiva y consejos de expertos directo en tu correo.<\/span>[\/vc_column_text][vc_wp_text]<script>(function() {\n\twindow.mc4wp = window.mc4wp || {\n\t\tlisteners: [],\n\t\tforms: {\n\t\t\ton: function(evt, cb) {\n\t\t\t\twindow.mc4wp.listeners.push(\n\t\t\t\t\t{\n\t\t\t\t\t\tevent   : evt,\n\t\t\t\t\t\tcallback: cb\n\t\t\t\t\t}\n\t\t\t\t);\n\t\t\t}\n\t\t}\n\t}\n})();\n<\/script><!-- Mailchimp for WordPress v4.12.2 - https:\/\/wordpress.org\/plugins\/mailchimp-for-wp\/ --><form id=\"mc4wp-form-1\" class=\"mc4wp-form mc4wp-form-9240\" method=\"post\" data-id=\"9240\" data-name=\"Default sign-up form\" ><div class=\"mc4wp-form-fields\"><p>\r\n\t<label><\/label>\r\n\t<input type=\"email\" name=\"EMAIL\" placeholder=\"Tu email\" required \/>\r\n<\/p>\r\n<p>\r\n\t<input type=\"submit\" value=\"Enviar\" \/>\r\n<\/p><\/div><label style=\"display: none !important;\">Leave this field empty if you're human: <input type=\"text\" name=\"_mc4wp_honeypot\" value=\"\" tabindex=\"-1\" autocomplete=\"off\" \/><\/label><input type=\"hidden\" name=\"_mc4wp_timestamp\" value=\"1777624167\" \/><input type=\"hidden\" name=\"_mc4wp_form_id\" value=\"9240\" \/><input type=\"hidden\" name=\"_mc4wp_form_element_id\" value=\"mc4wp-form-1\" \/><div class=\"mc4wp-response\"><\/div><\/form><!-- \/ Mailchimp for WordPress Plugin -->[\/vc_wp_text][vc_btn title=&#8221;Comienza a comprar&#8221; style=&#8221;custom&#8221; custom_background=&#8221;#005cbe&#8221; custom_text=&#8221;#ffffff&#8221; shape=&#8221;square&#8221; size=&#8221;lg&#8221; align=&#8221;center&#8221; link=&#8221;url:https%3A%2F%2Fwww.intimina.com%2Fes%2Fproducts||target:%20_blank|&#8221;][\/vc_column][\/vc_row]<\/p>\n","protected":false},"excerpt":{"rendered":"<p>[vc_row][vc_column width=&#8221;1\/2&#8243;][vc_single_image image=&#8221;15297&#8243; img_size=&#8221;585&#215;385&#8243; alignment=&#8221;center&#8221; el_id=&#8221;5555&#8243;][\/vc_column][vc_column width=&#8221;1\/2&#8243; el_class=&#8221;top&#8221;][vc_column_text el_class=&#8221;newh1&#8243;] SUSCR\u00cdBETE A NUESTRA NEWSLETTER Y RECIBE UN 20% DE DESCUENTO [\/vc_column_text][vc_column_text]En Intimina amamos ayudar a mujeres a ayudarse a s\u00ed mismas.&hellip;<\/p>\n","protected":false},"author":6,"featured_media":0,"parent":0,"menu_order":0,"comment_status":"closed","ping_status":"closed","template":"","meta":{"inline_featured_image":false},"acf":[],"yoast_head":"<!-- This site is optimized with the Yoast SEO plugin v21.1 - https:\/\/yoast.com\/wordpress\/plugins\/seo\/ -->\n<title>Suscribete a nuestro newsletter | Blog de Intimina<\/title>\n<meta name=\"description\" content=\"En Intimina amamos ayudar a mujeres a ayudarse a s\u00ed mismas. Si deseas tomar control de tu intimidad y bienestar, \u00fanete a nuestra hermandad para recibir informaci\u00f3n exclusiva y consejos de expertos directo en tu correo.\" \/>\n<meta name=\"robots\" content=\"index, follow, max-snippet:-1, max-image-preview:large, max-video-preview:-1\" \/>\n<link rel=\"canonical\" href=\"https:\/\/www.intimina.com\/es\/blog\/newsletter\/\" \/>\n<meta property=\"og:locale\" content=\"en_US\" \/>\n<meta property=\"og:type\" content=\"article\" \/>\n<meta property=\"og:title\" content=\"Suscribete a nuestro newsletter | Blog de Intimina\" \/>\n<meta property=\"og:description\" content=\"En Intimina amamos ayudar a mujeres a ayudarse a s\u00ed mismas. Si deseas tomar control de tu intimidad y bienestar, \u00fanete a nuestra hermandad para recibir informaci\u00f3n exclusiva y consejos de expertos directo en tu correo.\" \/>\n<meta property=\"og:url\" content=\"https:\/\/www.intimina.com\/es\/blog\/newsletter\/\" \/>\n<meta property=\"og:site_name\" content=\"Blog de INTIMINA en espa\u00f1ol\" \/>\n<meta property=\"article:modified_time\" content=\"2021-11-19T09:59:34+00:00\" \/>\n<meta property=\"og:image\" content=\"https:\/\/www.intimina.com\/es\/blog\/wp-content\/uploads\/2020\/03\/02_block_750x618.jpg\" \/>\n\t<meta property=\"og:image:width\" content=\"750\" \/>\n\t<meta property=\"og:image:height\" content=\"618\" \/>\n\t<meta property=\"og:image:type\" content=\"image\/jpeg\" \/>\n<meta name=\"twitter:label1\" content=\"Est. reading time\" \/>\n\t<meta name=\"twitter:data1\" content=\"1 minute\" \/>\n<script type=\"application\/ld+json\" class=\"yoast-schema-graph\">{\"@context\":\"https:\/\/schema.org\",\"@graph\":[{\"@type\":\"WebPage\",\"@id\":\"https:\/\/www.intimina.com\/es\/blog\/newsletter\/\",\"url\":\"https:\/\/www.intimina.com\/es\/blog\/newsletter\/\",\"name\":\"Suscribete a nuestro newsletter | Blog de Intimina\",\"isPartOf\":{\"@id\":\"https:\/\/www.intimina.com\/es\/blog\/#website\"},\"datePublished\":\"2020-03-12T13:48:39+00:00\",\"dateModified\":\"2021-11-19T09:59:34+00:00\",\"description\":\"En Intimina amamos ayudar a mujeres a ayudarse a s\u00ed mismas. Si deseas tomar control de tu intimidad y bienestar, \u00fanete a nuestra hermandad para recibir informaci\u00f3n exclusiva y consejos de expertos directo en tu correo.\",\"inLanguage\":\"en-US\",\"potentialAction\":[{\"@type\":\"ReadAction\",\"target\":[\"https:\/\/www.intimina.com\/es\/blog\/newsletter\/\"]}]},{\"@type\":\"WebSite\",\"@id\":\"https:\/\/www.intimina.com\/es\/blog\/#website\",\"url\":\"https:\/\/www.intimina.com\/es\/blog\/\",\"name\":\"Blog de INTIMINA en espa\u00f1ol\",\"description\":\"Todo lo que necesitas saber sobre salud y bienestar \u00edntimo femenino\",\"publisher\":{\"@id\":\"https:\/\/www.intimina.com\/es\/blog\/#organization\"},\"potentialAction\":[{\"@type\":\"SearchAction\",\"target\":{\"@type\":\"EntryPoint\",\"urlTemplate\":\"https:\/\/www.intimina.com\/es\/blog\/?s={search_term_string}\"},\"query-input\":\"required name=search_term_string\"}],\"inLanguage\":\"en-US\"},{\"@type\":\"Organization\",\"@id\":\"https:\/\/www.intimina.com\/es\/blog\/#organization\",\"name\":\"Intimina\",\"url\":\"https:\/\/www.intimina.com\/es\/blog\/\",\"logo\":{\"@type\":\"ImageObject\",\"inLanguage\":\"en-US\",\"@id\":\"https:\/\/www.intimina.com\/es\/blog\/#\/schema\/logo\/image\/\",\"url\":\"https:\/\/www.intimina.com\/es\/blog\/wp-content\/uploads\/2019\/04\/INTIMINA_logo-02.png\",\"contentUrl\":\"https:\/\/www.intimina.com\/es\/blog\/wp-content\/uploads\/2019\/04\/INTIMINA_logo-02.png\",\"width\":1000,\"height\":543,\"caption\":\"Intimina\"},\"image\":{\"@id\":\"https:\/\/www.intimina.com\/es\/blog\/#\/schema\/logo\/image\/\"}}]}<\/script>\n<!-- \/ Yoast SEO plugin. -->","yoast_head_json":{"title":"Suscribete a nuestro newsletter | Blog de Intimina","description":"En Intimina amamos ayudar a mujeres a ayudarse a s\u00ed mismas. Si deseas tomar control de tu intimidad y bienestar, \u00fanete a nuestra hermandad para recibir informaci\u00f3n exclusiva y consejos de expertos directo en tu correo.","robots":{"index":"index","follow":"follow","max-snippet":"max-snippet:-1","max-image-preview":"max-image-preview:large","max-video-preview":"max-video-preview:-1"},"canonical":"https:\/\/www.intimina.com\/es\/blog\/newsletter\/","og_locale":"en_US","og_type":"article","og_title":"Suscribete a nuestro newsletter | Blog de Intimina","og_description":"En Intimina amamos ayudar a mujeres a ayudarse a s\u00ed mismas. Si deseas tomar control de tu intimidad y bienestar, \u00fanete a nuestra hermandad para recibir informaci\u00f3n exclusiva y consejos de expertos directo en tu correo.","og_url":"https:\/\/www.intimina.com\/es\/blog\/newsletter\/","og_site_name":"Blog de INTIMINA en espa\u00f1ol","article_modified_time":"2021-11-19T09:59:34+00:00","og_image":[{"width":750,"height":618,"url":"https:\/\/www.intimina.com\/es\/blog\/wp-content\/uploads\/2020\/03\/02_block_750x618.jpg","type":"image\/jpeg"}],"twitter_misc":{"Est. reading time":"1 minute"},"schema":{"@context":"https:\/\/schema.org","@graph":[{"@type":"WebPage","@id":"https:\/\/www.intimina.com\/es\/blog\/newsletter\/","url":"https:\/\/www.intimina.com\/es\/blog\/newsletter\/","name":"Suscribete a nuestro newsletter | Blog de Intimina","isPartOf":{"@id":"https:\/\/www.intimina.com\/es\/blog\/#website"},"datePublished":"2020-03-12T13:48:39+00:00","dateModified":"2021-11-19T09:59:34+00:00","description":"En Intimina amamos ayudar a mujeres a ayudarse a s\u00ed mismas. Si deseas tomar control de tu intimidad y bienestar, \u00fanete a nuestra hermandad para recibir informaci\u00f3n exclusiva y consejos de expertos directo en tu correo.","inLanguage":"en-US","potentialAction":[{"@type":"ReadAction","target":["https:\/\/www.intimina.com\/es\/blog\/newsletter\/"]}]},{"@type":"WebSite","@id":"https:\/\/www.intimina.com\/es\/blog\/#website","url":"https:\/\/www.intimina.com\/es\/blog\/","name":"Blog de INTIMINA en espa\u00f1ol","description":"Todo lo que necesitas saber sobre salud y bienestar \u00edntimo femenino","publisher":{"@id":"https:\/\/www.intimina.com\/es\/blog\/#organization"},"potentialAction":[{"@type":"SearchAction","target":{"@type":"EntryPoint","urlTemplate":"https:\/\/www.intimina.com\/es\/blog\/?s={search_term_string}"},"query-input":"required name=search_term_string"}],"inLanguage":"en-US"},{"@type":"Organization","@id":"https:\/\/www.intimina.com\/es\/blog\/#organization","name":"Intimina","url":"https:\/\/www.intimina.com\/es\/blog\/","logo":{"@type":"ImageObject","inLanguage":"en-US","@id":"https:\/\/www.intimina.com\/es\/blog\/#\/schema\/logo\/image\/","url":"https:\/\/www.intimina.com\/es\/blog\/wp-content\/uploads\/2019\/04\/INTIMINA_logo-02.png","contentUrl":"https:\/\/www.intimina.com\/es\/blog\/wp-content\/uploads\/2019\/04\/INTIMINA_logo-02.png","width":1000,"height":543,"caption":"Intimina"},"image":{"@id":"https:\/\/www.intimina.com\/es\/blog\/#\/schema\/logo\/image\/"}}]}},"_links":{"self":[{"href":"https:\/\/www.intimina.com\/es\/blog\/wp-json\/wp\/v2\/pages\/15228"}],"collection":[{"href":"https:\/\/www.intimina.com\/es\/blog\/wp-json\/wp\/v2\/pages"}],"about":[{"href":"https:\/\/www.intimina.com\/es\/blog\/wp-json\/wp\/v2\/types\/page"}],"author":[{"embeddable":true,"href":"https:\/\/www.intimina.com\/es\/blog\/wp-json\/wp\/v2\/users\/6"}],"replies":[{"embeddable":true,"href":"https:\/\/www.intimina.com\/es\/blog\/wp-json\/wp\/v2\/comments?post=15228"}],"version-history":[{"count":16,"href":"https:\/\/www.intimina.com\/es\/blog\/wp-json\/wp\/v2\/pages\/15228\/revisions"}],"predecessor-version":[{"id":15929,"href":"https:\/\/www.intimina.com\/es\/blog\/wp-json\/wp\/v2\/pages\/15228\/revisions\/15929"}],"wp:attachment":[{"href":"https:\/\/www.intimina.com\/es\/blog\/wp-json\/wp\/v2\/media?parent=15228"}],"curies":[{"name":"wp","href":"https:\/\/api.w.org\/{rel}","templated":true}]}}